{"id":439,"date":"2026-04-13T11:45:54","date_gmt":"2026-04-13T09:45:54","guid":{"rendered":"https:\/\/leristextil.com\/index.php\/que-fem\/"},"modified":"2026-04-21T07:43:46","modified_gmt":"2026-04-21T05:43:46","slug":"que-fem","status":"publish","type":"page","link":"https:\/\/leristextil.com\/ca\/que-fem\/","title":{"rendered":"Qu\u00e8 fem?"},"content":{"rendered":"<div class=\"et_pb_section_0 et_pb_section et_section_regular et_block_section preset--module--divi-section--59eb9271-acb6-4bc9-bad3-b1ed18ab333a\">\n<div class=\"et_pb_row_0 et_pb_row et_block_row\">\n<div class=\"et_pb_column_0 et_pb_column et_pb_column_4_4 et-last-child et_block_column et_pb_css_mix_blend_mode_passthrough\">\n<div class=\"et_pb_heading_0 et_pb_heading et_pb_module et_block_module preset--module--divi-heading--default\"><div class=\"et_pb_heading_container\"><h2 class=\"et_pb_module_header\">qu\u00e8 fem?<\/h2><\/div><\/div>\n<\/div>\n<\/div>\n<\/div>\n\n<div class=\"et_pb_section_1 et_pb_section et_section_regular et_block_section preset--module--divi-section--8c80adff-efe3-430c-af87-6d59bed536ba\">\n<div class=\"et_pb_row_1 et_pb_row et_pb_gutters2 et_block_row\">\n<div class=\"et_pb_column_1 et_pb_column et_pb_column_1_3 et_block_column et_pb_css_mix_blend_mode_passthrough\">\n<div class=\"et_pb_blurb_0 et_pb_blurb et_pb_bg_layout_light et_pb_blurb_position_left et_pb_module et_block_module preset--module--divi-blurb--default\"><div class=\"et_pb_blurb_content\"><div class=\"et_pb_blurb_container\"><\/div><\/div><\/div>\n\n<div class=\"et_pb_text_0 et_pb_text et_pb_bg_layout_light et_pb_module et_flex_module preset--module--divi-text--default\"><div class=\"et_pb_text_inner\"><p style=\"text-align: center;\"><span style=\"font-size: x-large;\">Treballem colze a colze amb els nostres clients, entenent el seu projecte i aportant prove\u00efdors i productes de qualitat<\/span><\/p>\n<\/div><\/div>\n\n<div class=\"et_pb_blurb_1 et_pb_blurb et_pb_bg_layout_light et_pb_blurb_position_left et_pb_module et_block_module preset--module--divi-blurb--default\"><div class=\"et_pb_blurb_content\"><div class=\"et_pb_blurb_container\"><\/div><\/div><\/div>\n\n<div class=\"et_pb_text_1 et_pb_text et_pb_bg_layout_light et_pb_module et_flex_module preset--module--divi-text--default\"><div class=\"et_pb_text_inner\"><p style=\"text-align: center;\"><span style=\"font-size: xx-large;\"><span style=\"font-size: x-large;\">Selecci\u00f3 de producte juntament amb el client<\/span> <\/span><span style=\"font-size: xx-large;\"><span style=\"font-size: x-large;\"><strong><\/strong><\/span><\/span><\/p>\n<\/div><\/div>\n\n<div class=\"et_pb_blurb_2 et_pb_blurb et_pb_bg_layout_light et_pb_blurb_position_left et_pb_module et_block_module preset--module--divi-blurb--default\"><div class=\"et_pb_blurb_content\"><div class=\"et_pb_blurb_container\"><\/div><\/div><\/div>\n\n<div class=\"et_pb_text_2 et_pb_text et_pb_bg_layout_light et_pb_module et_flex_module preset--module--divi-text--default\"><div class=\"et_pb_text_inner\"><p style=\"text-align: center;\"><span style=\"font-size: xx-large;\"><span style=\"font-size: x-large;\"><\/span><span style=\"font-size: x-large;\">control de qualitat<\/span><br \/><\/span><span style=\"font-size: xx-large;\"><span style=\"font-size: x-large;\"><strong><\/strong><\/span><\/span><\/p>\n<\/div><\/div>\n<\/div>\n\n<div class=\"et_pb_column_2 et_pb_column et_pb_column_1_3 et_block_column et_pb_css_mix_blend_mode_passthrough\">\n<div class=\"et_pb_blurb_3 et_pb_blurb et_pb_bg_layout_light et_pb_blurb_position_left et_pb_module et_block_module preset--module--divi-blurb--default\"><div class=\"et_pb_blurb_content\"><div class=\"et_pb_blurb_container\"><\/div><\/div><\/div>\n\n<div class=\"et_pb_text_3 et_pb_text et_pb_bg_layout_light et_pb_module et_flex_module preset--module--divi-text--default\"><div class=\"et_pb_text_inner\"><p style=\"text-align: center;\"><span style=\"font-size: x-large;\">Fomentem la col\u00b7laboraci\u00f3 constant entre clients i prove\u00efdors per optimitzar relacions i generar valor.<\/span><span style=\"font-size: xx-large;\"><span style=\"font-size: x-large;\"><strong><\/strong><\/span><\/span><\/p>\n<\/div><\/div>\n\n<div class=\"et_pb_blurb_4 et_pb_blurb et_pb_bg_layout_light et_pb_blurb_position_left et_pb_module et_block_module preset--module--divi-blurb--default\"><div class=\"et_pb_blurb_content\"><div class=\"et_pb_blurb_container\"><\/div><\/div><\/div>\n\n<div class=\"et_pb_text_4 et_pb_text et_pb_bg_layout_light et_pb_module et_flex_module preset--module--divi-text--default\"><div class=\"et_pb_text_inner\"><p style=\"text-align: center;\"><span style=\"font-size: xx-large;\"><span style=\"font-size: x-large;\">negociaci\u00f3 de preus i condicions <\/span> <\/span><span style=\"font-size: xx-large;\"><span style=\"font-size: x-large;\"><strong><\/strong><\/span><\/span><\/p>\n<\/div><\/div>\n\n<div class=\"et_pb_blurb_5 et_pb_blurb et_pb_bg_layout_light et_pb_blurb_position_left et_pb_module et_block_module preset--module--divi-blurb--default\"><div class=\"et_pb_blurb_content\"><div class=\"et_pb_blurb_container\"><\/div><\/div><\/div>\n\n<div class=\"et_pb_text_5 et_pb_text et_pb_bg_layout_light et_pb_module et_flex_module preset--module--divi-text--default\"><div class=\"et_pb_text_inner\"><p style=\"text-align: center;\"><span style=\"font-size: xx-large;\"><span style=\"font-size: x-large;\"><\/span><span style=\"font-size: x-large;\">coordinaci\u00f3 log\u00edstica<\/span><br \/><\/span><span style=\"font-size: xx-large;\"><span style=\"font-size: x-large;\"><strong><\/strong><\/span><\/span><\/p>\n<\/div><\/div>\n<\/div>\n\n<div class=\"et_pb_column_3 et_pb_column et_pb_column_1_3 et-last-child et_block_column et_pb_css_mix_blend_mode_passthrough\">\n<div class=\"et_pb_blurb_6 et_pb_blurb et_pb_bg_layout_light et_pb_blurb_position_left et_pb_module et_block_module preset--module--divi-blurb--default\"><div class=\"et_pb_blurb_content\"><div class=\"et_pb_blurb_container\"><\/div><\/div><\/div>\n\n<div class=\"et_pb_text_6 et_pb_text et_pb_bg_layout_light et_pb_module et_flex_module preset--module--divi-text--default\"><div class=\"et_pb_text_inner\"><p style=\"text-align: center;\"><span style=\"font-size: x-large;\">Recerca i homologaci\u00f3 de prove\u00efdors (Europa i \u00c0sia)<\/span><strong><span style=\"font-size: x-large;\"><\/span><\/strong><\/p>\n<\/div><\/div>\n\n<div class=\"et_pb_blurb_7 et_pb_blurb et_pb_bg_layout_light et_pb_blurb_position_left et_pb_module et_block_module preset--module--divi-blurb--default\"><div class=\"et_pb_blurb_content\"><div class=\"et_pb_blurb_container\"><\/div><\/div><\/div>\n\n<div class=\"et_pb_text_7 et_pb_text et_pb_bg_layout_light et_pb_module et_flex_module preset--module--divi-text--default\"><div class=\"et_pb_text_inner\"><p style=\"text-align: center;\"><span style=\"font-size: x-large;\">seguiment de producci\u00f3<\/span><\/p>\n<\/div><\/div>\n<\/div>\n<\/div>\n<\/div>","protected":false},"excerpt":{"rendered":"","protected":false},"author":1,"featured_media":0,"parent":0,"menu_order":0,"comment_status":"closed","ping_status":"closed","template":"","meta":{"footnotes":""},"class_list":["post-439","page","type-page","status-publish","hentry"],"_links":{"self":[{"href":"https:\/\/leristextil.com\/ca\/wp-json\/wp\/v2\/pages\/439","targetHints":{"allow":["GET"]}}],"collection":[{"href":"https:\/\/leristextil.com\/ca\/wp-json\/wp\/v2\/pages"}],"about":[{"href":"https:\/\/leristextil.com\/ca\/wp-json\/wp\/v2\/types\/page"}],"author":[{"embeddable":true,"href":"https:\/\/leristextil.com\/ca\/wp-json\/wp\/v2\/users\/1"}],"replies":[{"embeddable":true,"href":"https:\/\/leristextil.com\/ca\/wp-json\/wp\/v2\/comments?post=439"}],"version-history":[{"count":26,"href":"https:\/\/leristextil.com\/ca\/wp-json\/wp\/v2\/pages\/439\/revisions"}],"predecessor-version":[{"id":701,"href":"https:\/\/leristextil.com\/ca\/wp-json\/wp\/v2\/pages\/439\/revisions\/701"}],"wp:attachment":[{"href":"https:\/\/leristextil.com\/ca\/wp-json\/wp\/v2\/media?parent=439"}],"curies":[{"name":"wp","href":"https:\/\/api.w.org\/{rel}","templated":true}]}}