{"id":507,"date":"2026-04-15T10:06:26","date_gmt":"2026-04-15T09:06:26","guid":{"rendered":"https:\/\/leristextil.com\/index.php\/la-nostra-manera-de-treballar\/"},"modified":"2026-04-17T08:20:14","modified_gmt":"2026-04-17T07:20:14","slug":"la-nostra-manera-de-treballar","status":"publish","type":"page","link":"https:\/\/leristextil.com\/ca\/la-nostra-manera-de-treballar\/","title":{"rendered":"La nostra manera de treballar"},"content":{"rendered":"<div class=\"et_pb_section_0 et_pb_section et_section_regular et_block_section preset--module--divi-section--59eb9271-acb6-4bc9-bad3-b1ed18ab333a\">\n<div class=\"et_pb_row_0 et_pb_row et_block_row\">\n<div class=\"et_pb_column_0 et_pb_column et_pb_column_4_4 et-last-child et_block_column et_pb_css_mix_blend_mode_passthrough\">\n<div class=\"et_pb_heading_0 et_pb_heading et_pb_module et_block_module preset--module--divi-heading--default\"><div class=\"et_pb_heading_container\"><h2 class=\"et_pb_module_header\">LA NOSTRA MANERA DE TREBALLAR<\/h2><\/div><\/div>\n<\/div>\n<\/div>\n<\/div>\n\n<div class=\"et_pb_section_1 et_pb_section et_section_regular et_flex_section\">\n<div class=\"et_pb_row_1 et_pb_row et_flex_row\">\n<div class=\"et_pb_column_1 et_pb_column et_flex_column et_pb_css_mix_blend_mode_passthrough et_flex_column_12_24 et_flex_column_12_24_tablet et_flex_column_24_24_phone\">\n<div class=\"et_pb_text_0 et_pb_text et_pb_bg_layout_light et_pb_module et_flex_module preset--module--divi-text--default\"><div class=\"et_pb_text_inner\"><p><span style=\"white-space: pre-wrap;\">Creiem en les relacions a llarg termini, basades en la confian\u00e7a, la transpar\u00e8ncia i el comprom\u00eds mutu Per a nosaltres, cada col\u00b7laboraci\u00f3 va m\u00e9s enll\u00e0 d\u2019una operaci\u00f3 puntual: \u00e9s una oportunitat per construir un vincle s\u00f2lid, estable i durador. Entenem que el sector t\u00e8xtil requereix fiabilitat, comunicaci\u00f3 constant i una visi\u00f3 compartida, per aix\u00f2 apostem per relacions que es consoliden amb el temps i que aporten valor real a totes les parts implicades.<\/span><\/p>\n<p><span style=\"white-space: pre-wrap;\"><\/span><\/p>\n<p><span style=\"white-space: pre-wrap;\">Treballem colze a colze amb els nostres clients i prove\u00efdors, escoltant les seves necessitats, entenent els seus objectius i adaptant-nos als reptes de cada projecte. <strong>Ens impliquem des del primer moment, aportant coneixement, experi\u00e8ncia i una visi\u00f3 global del proc\u00e9s productiu.<\/strong> Aquesta proximitat ens permet anticipar-nos a possibles incid\u00e8ncies, optimitzar els temps i garantir que cada etapa \u2014des de la selecci\u00f3 del prove\u00efdor fins al lliurament final\u2014 es desenvolupi amb la m\u00e0xima efici\u00e8ncia.<\/span><\/p>\n<p><span style=\"white-space: pre-wrap;\"><\/span><\/p>\n<p><span style=\"white-space: pre-wrap;\">Creiem fermament en la comunicaci\u00f3 clara i en la presa de decisions conjunta. Compartim informaci\u00f3 de manera oberta, mantenim un seguiment continu i busquem sempre la millor soluci\u00f3 t\u00e8cnica, comercial i log\u00edstica per a cada cas. El nostre objectiu \u00e9s que tant clients com prove\u00efdors se sentin acompanyats, recolzats i segurs en cada pas, generant relacions basades en la confian\u00e7a i en resultats consistents al llarg del temps.<\/span><\/p>\n<\/div><\/div>\n<\/div>\n\n<div class=\"et_pb_column_2 et_pb_column et-last-child et_flex_column et_pb_css_mix_blend_mode_passthrough et_flex_column_12_24 et_flex_column_12_24_tablet et_flex_column_24_24_phone\">\n<div class=\"et_pb_image_0 et_pb_image et_pb_module et_flex_module\"><span class=\"et_pb_image_wrap\"><img decoding=\"async\" src=\"https:\/\/images.pexels.com\/photos\/6634764\/pexels-photo-6634764.jpeg\" \/><\/span><\/div>\n<\/div>\n<\/div>\n<\/div>","protected":false},"excerpt":{"rendered":"","protected":false},"author":1,"featured_media":0,"parent":0,"menu_order":0,"comment_status":"closed","ping_status":"closed","template":"","meta":{"footnotes":""},"class_list":["post-507","page","type-page","status-publish","hentry"],"_links":{"self":[{"href":"https:\/\/leristextil.com\/ca\/wp-json\/wp\/v2\/pages\/507","targetHints":{"allow":["GET"]}}],"collection":[{"href":"https:\/\/leristextil.com\/ca\/wp-json\/wp\/v2\/pages"}],"about":[{"href":"https:\/\/leristextil.com\/ca\/wp-json\/wp\/v2\/types\/page"}],"author":[{"embeddable":true,"href":"https:\/\/leristextil.com\/ca\/wp-json\/wp\/v2\/users\/1"}],"replies":[{"embeddable":true,"href":"https:\/\/leristextil.com\/ca\/wp-json\/wp\/v2\/comments?post=507"}],"version-history":[{"count":2,"href":"https:\/\/leristextil.com\/ca\/wp-json\/wp\/v2\/pages\/507\/revisions"}],"predecessor-version":[{"id":509,"href":"https:\/\/leristextil.com\/ca\/wp-json\/wp\/v2\/pages\/507\/revisions\/509"}],"wp:attachment":[{"href":"https:\/\/leristextil.com\/ca\/wp-json\/wp\/v2\/media?parent=507"}],"curies":[{"name":"wp","href":"https:\/\/api.w.org\/{rel}","templated":true}]}}