{"id":510,"date":"2026-04-13T08:16:03","date_gmt":"2026-04-13T07:16:03","guid":{"rendered":"https:\/\/leristextil.com\/index.php\/la-nostra-historia\/"},"modified":"2026-04-17T08:38:06","modified_gmt":"2026-04-17T07:38:06","slug":"la-nostra-historia","status":"publish","type":"page","link":"https:\/\/leristextil.com\/ca\/la-nostra-historia\/","title":{"rendered":"La nostra hist\u00f2ria"},"content":{"rendered":"<div class=\"et_pb_section_0 et_pb_section et_section_regular et_block_section preset--module--divi-section--59eb9271-acb6-4bc9-bad3-b1ed18ab333a\">\n<div class=\"et_pb_row_0 et_pb_row et_block_row\">\n<div class=\"et_pb_column_0 et_pb_column et_pb_column_4_4 et-last-child et_block_column et_pb_css_mix_blend_mode_passthrough\">\n<div class=\"et_pb_heading_0 et_pb_heading et_pb_module et_block_module preset--module--divi-heading--default\"><div class=\"et_pb_heading_container\"><h2 class=\"et_pb_module_header\">LA NOSTRA HIST\u00d2RIA<\/h2><\/div><\/div>\n<\/div>\n<\/div>\n<\/div>\n\n<div class=\"et_pb_section_1 et_pb_section et_section_regular et_block_section\">\n<div class=\"et_pb_row_1 et_pb_row et_block_row\">\n<div class=\"et_pb_column_1 et_pb_column et_pb_column_1_2 et_block_column et_pb_css_mix_blend_mode_passthrough\">\n<div class=\"et_pb_heading_1 et_pb_heading et_pb_module et_block_module preset--module--divi-heading--1244ccd0-a81e-409c-81db-a0c838736b71\"><div class=\"et_pb_heading_container\"><h4 class=\"et_pb_module_header\">Som una empresa familiar amb origen a Barcelona, amb tres generacions dedicades al m\u00f3n t\u00e8xtil des de 1937.<\/h4><\/div><\/div>\n\n<div class=\"et_pb_text_0 et_pb_text et_pb_bg_layout_light et_pb_module et_block_module preset--module--divi-text--default\"><div class=\"et_pb_text_inner\"><p dir=\"ltr\"><span style=\"font-size: large;\">Al llarg dels anys hem evolucionat, adaptant-nos al mercat i ampliant la nostra activitat, des dels filats fins a la gesti\u00f3 de producte acabat a nivell internacional.<\/span><\/p>\n<p dir=\"ltr\"><span style=\"font-size: large;\"><\/span><\/p>\n<p dir=\"ltr\" data-pm-slice=\"1 1 []\"><span style=\"font-size: large;\">L\u2019any 1937, Manuel Ler\u00eds va iniciar el seu cam\u00ed com a Corredor Oficial de Filats.<\/span><\/p>\n<p dir=\"ltr\" data-pm-slice=\"1 1 []\"><span style=\"font-size: large;\"><\/span><\/p>\n<p dir=\"ltr\"><span style=\"font-size: large;\">L\u2019any 1964, el seu fill Armando Ler\u00eds s\u2019incorpora a l\u2019empresa, mantenint viva la tradici\u00f3 familiar.<\/span><\/p>\n<p dir=\"ltr\"><span style=\"font-size: large;\"><\/span><\/p>\n<p dir=\"ltr\"><span style=\"font-size: large;\"><br \/>Als anys 80, l\u2019empresa amplia els seus horitzons: incorpora prove\u00efdors europeus i inicia la importaci\u00f3 de fils des d\u2019\u00c0sia.<\/span><\/p>\n<p dir=\"ltr\"><span style=\"font-size: large;\"><\/span><\/p>\n<p dir=\"ltr\"><span style=\"font-size: large;\">A partir dels anys 90, la Gemma i l\u2019Anna Leris s\u2019hi incorporen, iniciant la importaci\u00f3 de teixits i avan\u00e7ant despr\u00e9s cap al producte acabat i confeccionat.<\/span><\/p>\n<\/div><\/div>\n\n<div class=\"et_pb_image_0 et_pb_image et_pb_module et_block_module preset--module--divi-image--7dcdc18a-ca90-4329-8a26-e24e38510dd4\"><span class=\"et_pb_image_wrap\"><img decoding=\"async\" src=\"https:\/\/cdn.pixabay.com\/photo\/2019\/10\/20\/16\/57\/loom-4564223_1280.jpg\" title=\"interior-design-17\" \/><\/span><\/div>\n<\/div>\n\n<div class=\"et_pb_column_2 et_pb_column et_pb_column_1_2 et-last-child et_block_column et_pb_css_mix_blend_mode_passthrough\">\n<div class=\"et_pb_image_1 et_pb_image et_pb_module et_block_module preset--module--divi-image--7dcdc18a-ca90-4329-8a26-e24e38510dd4\"><span class=\"et_pb_image_wrap\"><img loading=\"lazy\" decoding=\"async\" src=\"https:\/\/leristextil.com\/wp-content\/uploads\/2026\/04\/pexels-merve-uras-695501946-33891305-modified.jpg\" title=\"pexels-merve-uras-695501946-33891305-modified\" width=\"5152\" height=\"7728\" srcset=\"https:\/\/leristextil.com\/wp-content\/uploads\/2026\/04\/pexels-merve-uras-695501946-33891305-modified.jpg 5152w, https:\/\/leristextil.com\/wp-content\/uploads\/2026\/04\/pexels-merve-uras-695501946-33891305-modified-480x720.jpg 480w\" sizes=\"(min-width: 0px) and (max-width: 480px) 480px, (min-width: 481px) 5152px, 100vw\" class=\"wp-image-91\" \/><\/span><\/div>\n\n<div class=\"et_pb_heading_2 et_pb_heading et_pb_module et_block_module preset--module--divi-heading--default\"><div class=\"et_pb_heading_container\"><h2 class=\"et_pb_module_header\">Objectius<\/h2><\/div><\/div>\n\n<div class=\"et_pb_text_1 et_pb_text et_pb_bg_layout_light et_pb_module et_block_module preset--module--divi-text--default\"><div class=\"et_pb_text_inner\"><ul>\n<li dir=\"ltr\" data-pm-slice=\"1 1 []\"><span style=\"font-size: large;\">Des de 1937, tres generacions dedicades a la intermediaci\u00f3 t\u00e8xtil des de Barcelona.<\/span><\/li>\n<li dir=\"ltr\" data-pm-slice=\"1 1 []\"><span style=\"font-size: large;\">Inici com a corredors de filats.<\/span><\/li>\n<li dir=\"ltr\" data-pm-slice=\"1 1 []\"><span style=\"font-size: large;\">Expansi\u00f3 internacional a Europa i \u00c0sia.<\/span><\/li>\n<li dir=\"ltr\" data-pm-slice=\"1 1 []\"><span style=\"font-size: large;\">Evoluci\u00f3 cap a teixits i producte confeccionat<\/span><\/li>\n<\/ul>\n<\/div><\/div>\n<\/div>\n<\/div>\n<\/div>\n\n<div class=\"et_pb_section_2 et_pb_section et_section_regular et_block_section preset--module--divi-section--8c80adff-efe3-430c-af87-6d59bed536ba\">\n<div class=\"et_pb_row_2 et_pb_row et_block_row\">\n<div class=\"et_pb_column_3 et_pb_column et_pb_column_4_4 et-last-child et_block_column et_pb_css_mix_blend_mode_passthrough\">\n<div class=\"et_pb_image_2 et_pb_image et_pb_module et_block_module preset--module--divi-image--7dcdc18a-ca90-4329-8a26-e24e38510dd4\"><span class=\"et_pb_image_wrap\"><img decoding=\"async\" src=\"https:\/\/cdn.pixabay.com\/photo\/2018\/06\/29\/23\/51\/fabric-3506846_1280.jpg\" title=\"interior-design-18\" \/><\/span><\/div>\n<\/div>\n<\/div>\n<\/div>","protected":false},"excerpt":{"rendered":"","protected":false},"author":2,"featured_media":0,"parent":0,"menu_order":0,"comment_status":"closed","ping_status":"closed","template":"","meta":{"footnotes":""},"class_list":["post-510","page","type-page","status-publish","hentry"],"_links":{"self":[{"href":"https:\/\/leristextil.com\/ca\/wp-json\/wp\/v2\/pages\/510","targetHints":{"allow":["GET"]}}],"collection":[{"href":"https:\/\/leristextil.com\/ca\/wp-json\/wp\/v2\/pages"}],"about":[{"href":"https:\/\/leristextil.com\/ca\/wp-json\/wp\/v2\/types\/page"}],"author":[{"embeddable":true,"href":"https:\/\/leristextil.com\/ca\/wp-json\/wp\/v2\/users\/2"}],"replies":[{"embeddable":true,"href":"https:\/\/leristextil.com\/ca\/wp-json\/wp\/v2\/comments?post=510"}],"version-history":[{"count":3,"href":"https:\/\/leristextil.com\/ca\/wp-json\/wp\/v2\/pages\/510\/revisions"}],"predecessor-version":[{"id":519,"href":"https:\/\/leristextil.com\/ca\/wp-json\/wp\/v2\/pages\/510\/revisions\/519"}],"wp:attachment":[{"href":"https:\/\/leristextil.com\/ca\/wp-json\/wp\/v2\/media?parent=510"}],"curies":[{"name":"wp","href":"https:\/\/api.w.org\/{rel}","templated":true}]}}