{"id":512,"date":"2026-04-13T11:18:53","date_gmt":"2026-04-13T10:18:53","guid":{"rendered":"https:\/\/leristextil.com\/index.php\/el-nostre-valor\/"},"modified":"2026-04-17T10:07:20","modified_gmt":"2026-04-17T09:07:20","slug":"el-nostre-valor","status":"publish","type":"page","link":"https:\/\/leristextil.com\/ca\/el-nostre-valor\/","title":{"rendered":"El nostre valor"},"content":{"rendered":"<div class=\"et_pb_section_0 et_pb_section et_section_regular et_block_section preset--module--divi-section--59eb9271-acb6-4bc9-bad3-b1ed18ab333a\">\n<div class=\"et_pb_row_0 et_pb_row et_block_row\">\n<div class=\"et_pb_column_0 et_pb_column et_pb_column_4_4 et-last-child et_block_column et_pb_css_mix_blend_mode_passthrough\">\n<div class=\"et_pb_heading_0 et_pb_heading et_pb_module et_block_module preset--module--divi-heading--default\"><div class=\"et_pb_heading_container\"><h2 class=\"et_pb_module_header\">EL NOSTRE VALOR<\/h2><\/div><\/div>\n<\/div>\n<\/div>\n<\/div>\n\n<div class=\"et_pb_section_1 et_pb_section et_section_regular et_flex_section\">\n<div class=\"et_pb_row_1 et_pb_row et_flex_row\">\n<div class=\"et_pb_column_1 et_pb_column et-last-child et_flex_column et_pb_css_mix_blend_mode_passthrough et_flex_column_24_24 et_flex_column_24_24_tablet et_flex_column_24_24_phone\">\n<div class=\"et_pb_text_0 et_pb_text et_pb_bg_layout_light et_pb_module et_flex_module preset--module--divi-text--default\"><div class=\"et_pb_text_inner\" data-et-mv-hidden-phone=\"true\"><p><span style=\"white-space: pre-wrap;\">Amb m\u00e9s de 80 anys d\u2019experi\u00e8ncia en el sector t\u00e8xtil, hem consolidat un coneixement profund del mercat i de les seves necessitats reals. Aquesta traject\u00f2ria ens permet anticipar tend\u00e8ncies, resoldre desafiaments amb agilitat i oferir solucions adaptades a cada client, independentment de la mida del seu projecte.<\/span><\/p>\n<p><span style=\"white-space: pre-wrap;\"><\/span><\/p>\n<p><span style=\"white-space: pre-wrap;\">Comptem amb una xarxa molt consolidada de prove\u00efdors a Europa i \u00c0sia, seleccionats acuradament per la seva fiabilitat, qualitat i capacitat de resposta.<\/p>\n<p> Aquesta estructura internacional ens permet accedir a una \u00e0mplia varietat de materials, t\u00e8cniques i processos productius, garantint sempre els millors est\u00e0ndards.<\/span><\/p>\n<p><span style=\"white-space: pre-wrap;\"><\/span><\/p>\n<p><span style=\"white-space: pre-wrap;\">Oferim una gesti\u00f3 integral del proc\u00e9s, des de la idea inicial fins al lliurament final del producte. Coordinem cada fase \u2014disseny, desenvolupament, producci\u00f3, control de qualitat i log\u00edstica\u2014 perqu\u00e8 el client es pugui centrar en el seu negoci sense preocupar-se per la complexitat del proc\u00e9s t\u00e8xtil.<\/span><\/p>\n<p><span style=\"white-space: pre-wrap;\"><\/span><\/p>\n<p><span style=\"white-space: pre-wrap;\">El nostre enfocament es tradueix en un important estalvi de temps i una reducci\u00f3 significativa de riscos, gr\u00e0cies a l\u2019optimitzaci\u00f3 de recursos, la supervisi\u00f3 cont\u00ednua i l\u2019experi\u00e8ncia acumulada durant d\u00e8cades.<\/span><\/p>\n<p><span style=\"white-space: pre-wrap;\"><\/span><\/p>\n<p><span style=\"white-space: pre-wrap;\">A m\u00e9s, creiem fermament en el tracte proper i l\u2019acompanyament personalitzat. Ens impliquem en cada projecte com si fos propi, oferint assessorament constant i una comunicaci\u00f3 transparent que genera confian\u00e7a i resultats duradors.<\/span><\/p>\n<\/div><\/div>\n<\/div>\n<\/div>\n<\/div>\n\n<div class=\"et_pb_section_2 et_pb_section et_section_regular et_flex_section\">\n<div class=\"et_pb_row_2 et_pb_row et_flex_row\">\n<div class=\"et_pb_column_2 et_pb_column et_flex_column et_pb_css_mix_blend_mode_passthrough et_flex_column_12_24 et_flex_column_12_24_tablet et_flex_column_24_24_phone\">\n<div class=\"et_pb_image_0 et_pb_image et_pb_module et_flex_module\"><span class=\"et_pb_image_wrap\"><img decoding=\"async\" src=\"https:\/\/images.unsplash.com\/photo-1563136192-a4b2b5f977e1?q=80&#038;w=764&#038;auto=format&#038;fit=crop&#038;ixlib=rb-4.1.0&#038;ixid=M3wxMjA3fDB8MHxwaG90by1wYWdlfHx8fGVufDB8fHx8fA%3D%3D\" \/><\/span><\/div>\n<\/div>\n\n<div class=\"et_pb_column_3 et_pb_column et-last-child et_flex_column et_pb_css_mix_blend_mode_passthrough et_flex_column_12_24 et_flex_column_12_24_tablet et_flex_column_24_24_phone\">\n<div class=\"et_pb_image_1 et_pb_image et_pb_module et_flex_module\"><span class=\"et_pb_image_wrap\"><img decoding=\"async\" src=\"https:\/\/cdn.pixabay.com\/photo\/2022\/01\/04\/16\/49\/pullover-6915470_1280.jpg\" \/><\/span><\/div>\n<\/div>\n<\/div>\n<\/div>","protected":false},"excerpt":{"rendered":"","protected":false},"author":1,"featured_media":0,"parent":0,"menu_order":0,"comment_status":"closed","ping_status":"closed","template":"","meta":{"footnotes":""},"class_list":["post-512","page","type-page","status-publish","hentry"],"_links":{"self":[{"href":"https:\/\/leristextil.com\/ca\/wp-json\/wp\/v2\/pages\/512","targetHints":{"allow":["GET"]}}],"collection":[{"href":"https:\/\/leristextil.com\/ca\/wp-json\/wp\/v2\/pages"}],"about":[{"href":"https:\/\/leristextil.com\/ca\/wp-json\/wp\/v2\/types\/page"}],"author":[{"embeddable":true,"href":"https:\/\/leristextil.com\/ca\/wp-json\/wp\/v2\/users\/1"}],"replies":[{"embeddable":true,"href":"https:\/\/leristextil.com\/ca\/wp-json\/wp\/v2\/comments?post=512"}],"version-history":[{"count":2,"href":"https:\/\/leristextil.com\/ca\/wp-json\/wp\/v2\/pages\/512\/revisions"}],"predecessor-version":[{"id":514,"href":"https:\/\/leristextil.com\/ca\/wp-json\/wp\/v2\/pages\/512\/revisions\/514"}],"wp:attachment":[{"href":"https:\/\/leristextil.com\/ca\/wp-json\/wp\/v2\/media?parent=512"}],"curies":[{"name":"wp","href":"https:\/\/api.w.org\/{rel}","templated":true}]}}