{"id":10,"date":"2026-04-13T08:16:03","date_gmt":"2026-04-13T07:16:03","guid":{"rendered":"https:\/\/leristextil.com\/?page_id=10"},"modified":"2026-04-13T10:39:25","modified_gmt":"2026-04-13T09:39:25","slug":"home","status":"publish","type":"page","link":"https:\/\/leristextil.com\/","title":{"rendered":"Home"},"content":{"rendered":"<div class=\"et_pb_section_0 et_pb_section et_section_regular et_block_section preset--module--divi-section--59eb9271-acb6-4bc9-bad3-b1ed18ab333a\">\n<div class=\"et_pb_row_0 et_pb_row et_flex_row\">\n<div class=\"et_pb_column_0 et_pb_column et-last-child et_flex_column et_pb_css_mix_blend_mode_passthrough et_flex_column_24_24 et_flex_column_24_24_tablet et_flex_column_24_24_phone\">\n<div class=\"et_pb_image_0 et_pb_image et_animated et_pb_module et_flex_module\"><span class=\"et_pb_image_wrap\"><img loading=\"lazy\" decoding=\"async\" src=\"https:\/\/leristextil.com\/wp-content\/uploads\/2026\/04\/logo_leristextil.png\" alt=\"logo_leristextil\" title=\"logo_leristextil\" width=\"320\" height=\"199\" srcset=\"https:\/\/leristextil.com\/wp-content\/uploads\/2026\/04\/logo_leristextil.png 320w, https:\/\/leristextil.com\/wp-content\/uploads\/2026\/04\/logo_leristextil-300x187.png 300w\" sizes=\"(max-width: 320px) 100vw, 320px\" class=\"wp-image-9\" \/><\/span><\/div>\n\n<div class=\"et_pb_text_0 et_pb_text et_pb_bg_layout_light et_animated et_pb_module et_block_module preset--module--divi-text--default\"><div class=\"et_pb_text_inner\"><p dir=\"ltr\" data-pm-slice=\"1 1 []\" style=\"text-align: center;\"><span style=\"font-size: xx-large; color: #e0bc6d;\">Intermediaci\u00f3n textil en importaciones de textil hosteler\u00eda, hospitalario, hogar, laboral, camiser\u00eda y \u00a0moda\u00a0 <\/span><\/p>\n<p dir=\"ltr\" data-pm-slice=\"1 1 []\" style=\"text-align: center;\"><span style=\"font-size: xx-large; color: #e0bc6d;\"><\/span><span style=\"font-size: xx-large; color: #e0bc6d;\">Nos ocupamos de la negociaci\u00f3n, seguimiento de producci\u00f3n y log\u00edstica de compras de nuestros clientes<\/span><\/p>\n<p><span style=\"color: #e0bc6d; font-size: xx-large;\">\u00a0<\/span><\/p>\n<\/div><\/div>\n\n<div class=\"et_pb_module et_pb_button_module_wrapper et_pb_button_0_wrapper preset--module--divi-button--default_wrapper\"><a class=\"et_pb_button_0 et_pb_button et_pb_bg_layout_light et_animated et_pb_module et_flex_module preset--module--divi-button--default\" href=\"\">CONTACTANOS<\/a><\/div>\n\n<div class=\"et_pb_image_1 et_pb_image et_animated et_pb_module et_flex_module\"><span class=\"et_pb_image_wrap\"><img loading=\"lazy\" decoding=\"async\" src=\"https:\/\/leristextil.com\/wp-content\/uploads\/2026\/04\/Gemini_Generated_Image_8h3bhn8h3bhn8h3b-removebg-preview.png\" title=\"Gemini_Generated_Image_8h3bhn8h3bhn8h3b-removebg-preview\" width=\"612\" height=\"408\" srcset=\"https:\/\/leristextil.com\/wp-content\/uploads\/2026\/04\/Gemini_Generated_Image_8h3bhn8h3bhn8h3b-removebg-preview.png 612w, https:\/\/leristextil.com\/wp-content\/uploads\/2026\/04\/Gemini_Generated_Image_8h3bhn8h3bhn8h3b-removebg-preview-480x320.png 480w\" sizes=\"(min-width: 0px) and (max-width: 480px) 480px, (min-width: 481px) 612px, 100vw\" class=\"wp-image-108\" alt=\"logo_leristextil\" \/><\/span><\/div>\n<\/div>\n<\/div>\n<\/div>\n\n<div class=\"et_pb_section_1 et_pb_section et_section_regular et_block_section\"><\/div>\n\n<div class=\"et_pb_section_2 et_pb_section et_section_regular et_block_section preset--module--divi-section--8c80adff-efe3-430c-af87-6d59bed536ba\">\n<div class=\"et_pb_row_1 et_pb_row et_block_row\">\n<div class=\"et_pb_column_1 et_pb_column et_pb_column_4_4 et-last-child et_block_column et_pb_css_mix_blend_mode_passthrough\">\n<div class=\"et_pb_icon_0 et_pb_icon et_pb_module et_block_module preset--module--divi-icon--default\"><span class=\"et_pb_icon_wrap\"><span class=\"et-pb-icon\">\uf10d<\/span><\/span><\/div>\n\n<div class=\"et_pb_slider_0 et_pb_slider et_pb_slider_fullwidth_off et_pb_module et_block_module preset--module--divi-slider--default\"><div class=\"et_pb_slides\">\n<div class=\"et_pb_slide_0 et_pb_slide et_pb_media_alignment_center et_pb_bg_layout_dark et_pb_text_align_center\" data-slide-id=\"divi\/slide-0\"><div class=\"et_pb_container\"><div class=\"et_pb_slider_container_inner\"><div class=\"et_pb_slide_description\"><h3 class=\"et_pb_slide_title\">Dise\u00f1amos texturas que se sienten.<\/h3><div class=\"et_pb_slide_content\"><h1><\/h1>\n<\/div><\/div><\/div><\/div><\/div>\n\n<div class=\"et_pb_slide_1 et_pb_slide et_pb_media_alignment_center et_pb_bg_layout_light et_pb_text_align_center\" data-slide-id=\"divi\/slide-1\"><div class=\"et_pb_container\"><div class=\"et_pb_slider_container_inner\"><div class=\"et_pb_slide_description\"><h3 class=\"et_pb_slide_title\">Donde la calidad se entreteje con el estilo<\/h3><\/div><\/div><\/div><\/div>\n\n<div class=\"et_pb_slide_2 et_pb_slide et_pb_media_alignment_center et_pb_bg_layout_dark et_pb_text_align_center\" data-slide-id=\"divi\/slide-2\"><div class=\"et_pb_container\"><div class=\"et_pb_slider_container_inner\"><div class=\"et_pb_slide_description\"><h3 class=\"et_pb_slide_title\">Suavidad que acompa\u00f1a tu d\u00eda<\/h3><\/div><\/div><\/div><\/div>\n<\/div><\/div>\n<\/div>\n<\/div>\n<\/div>","protected":false},"excerpt":{"rendered":"","protected":false},"author":2,"featured_media":0,"parent":0,"menu_order":0,"comment_status":"closed","ping_status":"closed","template":"","meta":{"footnotes":""},"class_list":["post-10","page","type-page","status-publish","hentry"],"_links":{"self":[{"href":"https:\/\/leristextil.com\/index.php\/wp-json\/wp\/v2\/pages\/10","targetHints":{"allow":["GET"]}}],"collection":[{"href":"https:\/\/leristextil.com\/index.php\/wp-json\/wp\/v2\/pages"}],"about":[{"href":"https:\/\/leristextil.com\/index.php\/wp-json\/wp\/v2\/types\/page"}],"author":[{"embeddable":true,"href":"https:\/\/leristextil.com\/index.php\/wp-json\/wp\/v2\/users\/2"}],"replies":[{"embeddable":true,"href":"https:\/\/leristextil.com\/index.php\/wp-json\/wp\/v2\/comments?post=10"}],"version-history":[{"count":16,"href":"https:\/\/leristextil.com\/index.php\/wp-json\/wp\/v2\/pages\/10\/revisions"}],"predecessor-version":[{"id":123,"href":"https:\/\/leristextil.com\/index.php\/wp-json\/wp\/v2\/pages\/10\/revisions\/123"}],"wp:attachment":[{"href":"https:\/\/leristextil.com\/index.php\/wp-json\/wp\/v2\/media?parent=10"}],"curies":[{"name":"wp","href":"https:\/\/api.w.org\/{rel}","templated":true}]}}