{"id":102,"date":"2026-04-13T11:18:53","date_gmt":"2026-04-13T10:18:53","guid":{"rendered":"https:\/\/leristextil.com\/?page_id=102"},"modified":"2026-04-13T11:38:55","modified_gmt":"2026-04-13T10:38:55","slug":"nuestro-valor","status":"publish","type":"page","link":"https:\/\/leristextil.com\/index.php\/nuestro-valor\/","title":{"rendered":"Nuestro valor"},"content":{"rendered":"<div class=\"et_pb_section_0 et_pb_section et_section_regular et_flex_section\">\n<div class=\"et_pb_row_0 et_pb_row et_flex_row\">\n<div class=\"et_pb_column_0 et_pb_column et_flex_column et_pb_css_mix_blend_mode_passthrough et_flex_column_12_24 et_flex_column_12_24_tablet et_flex_column_24_24_phone\">\n<div class=\"et_pb_heading_0 et_pb_heading et_pb_module et_flex_module preset--module--divi-heading--default\"><div class=\"et_pb_heading_container\"><h2 class=\"et_pb_module_header\">NUESTRO VALOR<\/h2><\/div><\/div>\n\n<div class=\"et_pb_row_1 et_pb_row et_pb_row_nested et_flex_row\">\n<div class=\"et_pb_column_1 et_pb_column et-last-child et_flex_column et_pb_css_mix_blend_mode_passthrough et_flex_column_24_24 et_flex_column_24_24_tablet et_flex_column_24_24_phone\">\n<div class=\"et_pb_text_0 et_pb_text et_pb_bg_layout_light et_pb_module et_flex_module preset--module--divi-text--default\"><div class=\"et_pb_text_inner\"><p><span style=\"white-space: pre-wrap;\">Con <strong style=\"white-space: pre-wrap;\">m\u00e1s de 80 a\u00f1os de experiencia en el sector textil<\/strong>, hemos consolidado un profundo conocimiento del mercado y de sus necesidades reales. Esta trayectoria nos permite anticipar tendencias, resolver desaf\u00edos con agilidad y ofrecer soluciones adaptadas a cada cliente, independientemente del tama\u00f1o de su proyecto.<\/span><span style=\"white-space: pre-wrap;\"><\/span><\/p>\n<p><span style=\"white-space: pre-wrap;\"><\/span><\/p>\n<p><span style=\"white-space: pre-wrap;\">Contamos con una <strong>red muy consolidada de proveedores en Europa y Asia<\/strong>, seleccionados cuidadosamente por su fiabilidad, calidad y capacidad de respuesta. Esta estructura internacional nos permite acceder a una amplia variedad de materiales, t\u00e9cnicas y procesos productivos, garantizando siempre los mejores est\u00e1ndares.<\/span><\/p>\n<p><span style=\"white-space: pre-wrap;\"><\/span><\/p>\n<p><span style=\"white-space: pre-wrap;\">Ofrecemos una <strong style=\"white-space: pre-wrap;\">gesti\u00f3n integral del proceso<\/strong>, desde la idea inicial hasta la entrega final del producto. Coordinamos cada fase \u2014dise\u00f1o, desarrollo, producci\u00f3n, control de calidad y log\u00edstica\u2014 para que el cliente pueda centrarse en su negocio sin preocuparse por la complejidad del proceso textil.<\/span><\/p>\n<\/div><\/div>\n<\/div>\n<\/div>\n<\/div>\n\n<div class=\"et_pb_column_2 et_pb_column et-last-child et_flex_column et_pb_css_mix_blend_mode_passthrough et_flex_column_12_24 et_flex_column_12_24_tablet et_flex_column_24_24_phone\">\n<div class=\"et_pb_image_0 et_pb_image et_pb_module et_flex_module\"><span class=\"et_pb_image_wrap\"><img decoding=\"async\" src=\"https:\/\/images.unsplash.com\/photo-1563136192-a4b2b5f977e1?q=80&#038;w=764&#038;auto=format&#038;fit=crop&#038;ixlib=rb-4.1.0&#038;ixid=M3wxMjA3fDB8MHxwaG90by1wYWdlfHx8fGVufDB8fHx8fA%3D%3D\" \/><\/span><\/div>\n<\/div>\n<\/div>\n\n<div class=\"et_pb_row_2 et_pb_row et_flex_row\">\n<div class=\"et_pb_column_3 et_pb_column et_flex_column et_pb_css_mix_blend_mode_passthrough et_flex_column_12_24 et_flex_column_12_24_tablet et_flex_column_24_24_phone\">\n<div class=\"et_pb_image_1 et_pb_image et_pb_module et_flex_module\"><span class=\"et_pb_image_wrap\"><img decoding=\"async\" src=\"https:\/\/images.unsplash.com\/photo-1643766883805-829d9ad95c42?q=80&#038;w=1170&#038;auto=format&#038;fit=crop&#038;ixlib=rb-4.1.0&#038;ixid=M3wxMjA3fDB8MHxwaG90by1wYWdlfHx8fGVufDB8fHx8fA%3D%3D\" \/><\/span><\/div>\n<\/div>\n\n<div class=\"et_pb_column_4 et_pb_column et-last-child et_flex_column et_pb_css_mix_blend_mode_passthrough et_flex_column_12_24 et_flex_column_12_24_tablet et_flex_column_24_24_phone\">\n<div class=\"et_pb_text_1 et_pb_text et_pb_bg_layout_light et_pb_module et_flex_module preset--module--divi-text--default\"><div class=\"et_pb_text_inner\"><p><span style=\"white-space: pre-wrap;\">Nuestro enfoque se traduce en un <strong style=\"white-space: pre-wrap;\">importante ahorro de tiempo y una reducci\u00f3n significativa de riesgos<\/strong>, gracias a la optimizaci\u00f3n de recursos, la supervisi\u00f3n continua y la experiencia acumulada durante d\u00e9cadas.<\/span><\/p>\n<p><span style=\"white-space: pre-wrap;\"><\/span><\/p>\n<p><span style=\"white-space: pre-wrap;\">Adem\u00e1s, creemos firmemente en el <strong style=\"white-space: pre-wrap;\">trato cercano y el acompa\u00f1amiento personalizado<\/strong>. Nos involucramos en cada proyecto como si fuera propio, ofreciendo asesoramiento constante y una comunicaci\u00f3n transparente que genera confianza y resultados duraderos.<\/span><\/p>\n<p><span style=\"white-space: pre-wrap;\"><\/span><\/p>\n<\/div><\/div>\n<\/div>\n<\/div>\n<\/div>\n\n<div class=\"et_pb_section_1 et_pb_section et_section_regular et_flex_section\">\n<div class=\"et_pb_row_3 et_pb_row et_flex_row\">\n<div class=\"et_pb_column_5 et_pb_column et-last-child et_flex_column et_pb_css_mix_blend_mode_passthrough et_flex_column_24_24 et_flex_column_24_24_tablet et_flex_column_24_24_phone\">\n<div class=\"et_pb_image_2 et_pb_image et_pb_module et_flex_module\"><span class=\"et_pb_image_wrap\"><img decoding=\"async\" src=\"https:\/\/cdn.pixabay.com\/photo\/2021\/11\/12\/13\/14\/sweater-6788998_1280.jpg\" \/><\/span><\/div>\n<\/div>\n<\/div>\n<\/div>","protected":false},"excerpt":{"rendered":"","protected":false},"author":1,"featured_media":0,"parent":0,"menu_order":0,"comment_status":"closed","ping_status":"closed","template":"","meta":{"footnotes":""},"class_list":["post-102","page","type-page","status-publish","hentry"],"_links":{"self":[{"href":"https:\/\/leristextil.com\/index.php\/wp-json\/wp\/v2\/pages\/102","targetHints":{"allow":["GET"]}}],"collection":[{"href":"https:\/\/leristextil.com\/index.php\/wp-json\/wp\/v2\/pages"}],"about":[{"href":"https:\/\/leristextil.com\/index.php\/wp-json\/wp\/v2\/types\/page"}],"author":[{"embeddable":true,"href":"https:\/\/leristextil.com\/index.php\/wp-json\/wp\/v2\/users\/1"}],"replies":[{"embeddable":true,"href":"https:\/\/leristextil.com\/index.php\/wp-json\/wp\/v2\/comments?post=102"}],"version-history":[{"count":7,"href":"https:\/\/leristextil.com\/index.php\/wp-json\/wp\/v2\/pages\/102\/revisions"}],"predecessor-version":[{"id":161,"href":"https:\/\/leristextil.com\/index.php\/wp-json\/wp\/v2\/pages\/102\/revisions\/161"}],"wp:attachment":[{"href":"https:\/\/leristextil.com\/index.php\/wp-json\/wp\/v2\/media?parent=102"}],"curies":[{"name":"wp","href":"https:\/\/api.w.org\/{rel}","templated":true}]}}