{"id":12,"date":"2026-04-13T08:16:03","date_gmt":"2026-04-13T07:16:03","guid":{"rendered":"https:\/\/leristextil.com\/?page_id=12"},"modified":"2026-04-13T09:38:45","modified_gmt":"2026-04-13T08:38:45","slug":"about","status":"publish","type":"page","link":"https:\/\/leristextil.com\/index.php\/about\/","title":{"rendered":"Nuestra historia"},"content":{"rendered":"<div class=\"et_pb_section_0 et_pb_section et_section_regular et_block_section\">\n<div class=\"et_pb_row_0 et_pb_row et_block_row\">\n<div class=\"et_pb_column_0 et_pb_column et_pb_column_1_2 et_block_column et_pb_css_mix_blend_mode_passthrough\">\n<div class=\"et_pb_heading_0 et_pb_heading et_pb_module et_block_module preset--module--divi-heading--c5613c1c-cbbb-420d-a302-3f984a0a91d6\"><div class=\"et_pb_heading_container\"><h1 class=\"et_pb_module_header\">nuestra historia<\/h1><\/div><\/div>\n\n<div class=\"et_pb_heading_1 et_pb_heading et_pb_module et_block_module preset--module--divi-heading--1244ccd0-a81e-409c-81db-a0c838736b71\"><div class=\"et_pb_heading_container\"><h4 class=\"et_pb_module_header\">Somos una empresa familiar con origen en Barcelona, con tres generaciones dedicadas al mundo textil desde 1937.<\/h4><\/div><\/div>\n\n<div class=\"et_pb_text_0 et_pb_text et_pb_bg_layout_light et_pb_module et_block_module preset--module--divi-text--default\"><div class=\"et_pb_text_inner\"><p dir=\"ltr\">A lo largo de los a\u00f1os hemos evolucionado, adapt\u00e1ndonos al mercado y ampliando nuestra actividad, desde los hilados hasta la gesti\u00f3n de producto acabado a nivel internacional.<\/p>\n<p dir=\"ltr\" data-pm-slice=\"1 1 []\">En 1937, \u00a0<strong>Manuel Ler\u00eds<\/strong>\u00a0inici\u00f3 su camino como Corredor Oficial de Hilados.<\/p>\n<p dir=\"ltr\">En 1964, su hijo\u00a0<strong>Armando Ler\u00eds<\/strong>\u00a0se incorpora a la empresa, manteniendo viva la tradici\u00f3n familiar.<\/p>\n<p dir=\"ltr\">En los a\u00f1os 80, la empresa abre sus horizontes: suma proveedores europeos e inicia importaciones de hilos desde Asia.<\/p>\n<p dir=\"ltr\">A partir de los 90,\u00a0<strong>Gemma y Anna Leris<\/strong>\u00a0se incorporan,\u00a0iniciando la importacion de tejidos y luego avanzando hacia producto acabado y confeccionado.<\/p>\n<\/div><\/div>\n\n<div class=\"et_pb_image_0 et_pb_image et_pb_module et_block_module preset--module--divi-image--7dcdc18a-ca90-4329-8a26-e24e38510dd4\"><span class=\"et_pb_image_wrap\"><img decoding=\"async\" src=\"https:\/\/cdn.pixabay.com\/photo\/2019\/10\/20\/16\/57\/loom-4564223_1280.jpg\" title=\"interior-design-17\" \/><\/span><\/div>\n<\/div>\n\n<div class=\"et_pb_column_1 et_pb_column et_pb_column_1_2 et-last-child et_block_column et_pb_css_mix_blend_mode_passthrough\">\n<div class=\"et_pb_image_1 et_pb_image et_pb_module et_block_module preset--module--divi-image--7dcdc18a-ca90-4329-8a26-e24e38510dd4\"><span class=\"et_pb_image_wrap\"><img loading=\"lazy\" decoding=\"async\" src=\"https:\/\/leristextil.com\/wp-content\/uploads\/2026\/04\/pexels-merve-uras-695501946-33891305-modified.jpg\" title=\"pexels-merve-uras-695501946-33891305-modified\" width=\"5152\" height=\"7728\" srcset=\"https:\/\/leristextil.com\/wp-content\/uploads\/2026\/04\/pexels-merve-uras-695501946-33891305-modified.jpg 5152w, https:\/\/leristextil.com\/wp-content\/uploads\/2026\/04\/pexels-merve-uras-695501946-33891305-modified-480x720.jpg 480w\" sizes=\"(min-width: 0px) and (max-width: 480px) 480px, (min-width: 481px) 5152px, 100vw\" class=\"wp-image-91\" \/><\/span><\/div>\n\n<div class=\"et_pb_heading_2 et_pb_heading et_pb_module et_block_module preset--module--divi-heading--default\"><div class=\"et_pb_heading_container\"><h2 class=\"et_pb_module_header\">Objetivos<\/h2><\/div><\/div>\n\n<div class=\"et_pb_text_1 et_pb_text et_pb_bg_layout_light et_pb_module et_block_module preset--module--divi-text--default\"><div class=\"et_pb_text_inner\"><ul>\n<li dir=\"ltr\" data-pm-slice=\"1 1 []\">Desde 1937, tres generaciones dedicadas a la intermediaci\u00f3n textil desde Barcelona.<\/li>\n<li dir=\"ltr\" data-pm-slice=\"1 1 []\">Inicio como corredores de hilados.<\/li>\n<li dir=\"ltr\" data-pm-slice=\"1 1 []\">Expansi\u00f3n internacional en Europa y Asia.<\/li>\n<li dir=\"ltr\" data-pm-slice=\"1 1 []\">Evoluci\u00f3n hacia tejidos y producto confeccionado.<\/li>\n<\/ul>\n<\/div><\/div>\n<\/div>\n<\/div>\n<\/div>\n\n<div class=\"et_pb_section_1 et_pb_section et_section_regular et_block_section preset--module--divi-section--8c80adff-efe3-430c-af87-6d59bed536ba\">\n<div class=\"et_pb_row_1 et_pb_row et_block_row\">\n<div class=\"et_pb_column_2 et_pb_column et_pb_column_4_4 et-last-child et_block_column et_pb_css_mix_blend_mode_passthrough\">\n<div class=\"et_pb_image_2 et_pb_image et_pb_module et_block_module preset--module--divi-image--7dcdc18a-ca90-4329-8a26-e24e38510dd4\"><span class=\"et_pb_image_wrap\"><img decoding=\"async\" src=\"https:\/\/cdn.pixabay.com\/photo\/2018\/06\/29\/23\/51\/fabric-3506846_1280.jpg\" title=\"interior-design-18\" \/><\/span><\/div>\n<\/div>\n<\/div>\n<\/div>","protected":false},"excerpt":{"rendered":"","protected":false},"author":2,"featured_media":0,"parent":0,"menu_order":0,"comment_status":"closed","ping_status":"closed","template":"","meta":{"footnotes":""},"class_list":["post-12","page","type-page","status-publish","hentry"],"_links":{"self":[{"href":"https:\/\/leristextil.com\/index.php\/wp-json\/wp\/v2\/pages\/12","targetHints":{"allow":["GET"]}}],"collection":[{"href":"https:\/\/leristextil.com\/index.php\/wp-json\/wp\/v2\/pages"}],"about":[{"href":"https:\/\/leristextil.com\/index.php\/wp-json\/wp\/v2\/types\/page"}],"author":[{"embeddable":true,"href":"https:\/\/leristextil.com\/index.php\/wp-json\/wp\/v2\/users\/2"}],"replies":[{"embeddable":true,"href":"https:\/\/leristextil.com\/index.php\/wp-json\/wp\/v2\/comments?post=12"}],"version-history":[{"count":6,"href":"https:\/\/leristextil.com\/index.php\/wp-json\/wp\/v2\/pages\/12\/revisions"}],"predecessor-version":[{"id":136,"href":"https:\/\/leristextil.com\/index.php\/wp-json\/wp\/v2\/pages\/12\/revisions\/136"}],"wp:attachment":[{"href":"https:\/\/leristextil.com\/index.php\/wp-json\/wp\/v2\/media?parent=12"}],"curies":[{"name":"wp","href":"https:\/\/api.w.org\/{rel}","templated":true}]}}